{"id":1371,"date":"2018-05-22T13:40:04","date_gmt":"2018-05-22T11:40:04","guid":{"rendered":"http:\/\/wordpress.p621752.webspaceconfig.de\/privacy-policy\/"},"modified":"2022-07-28T16:01:53","modified_gmt":"2022-07-28T14:01:53","slug":"privacy-policy","status":"publish","type":"page","link":"https:\/\/marabu-markenvertrieb.de\/en\/privacy-policy\/","title":{"rendered":"Privacy Policy"},"content":{"rendered":"<div class=\"wpb-content-wrapper\"><p>[vc_row][vc_column width=&#8221;1\/1&#8243;][vc_column_text]<\/p>\n<p class=\"p1\">Datenschutzerkl\u00e4rung<\/p>\n<p class=\"p2\">Soweit nachstehend keine anderen Angaben gemacht werden, ist die Bereitstellung Ihrer personenbezogenen<\/p>\n<p class=\"p2\">Daten weder gesetzlich oder vertraglich vorgeschrieben, noch fu\u0308r einen Vertragsabschluss erforderlich. Sie sind<\/p>\n<p class=\"p2\">zur Bereitstellung der Daten nicht verpflichtet. Eine Nichtbereitstellung hat keine Folgen. Dies gilt nur soweit bei<\/p>\n<p class=\"p2\">den nachfolgenden Verarbeitungsvorg\u00e4ngen keine anderweitige Angabe gemacht wird.<\/p>\n<p class=\"p2\">&#8220;Personenbezogene Daten&#8221; sind alle Informationen, die sich auf eine identifizierte oder identifizierbare natu\u0308rliche<\/p>\n<p class=\"p2\">Person beziehen.<\/p>\n<p class=\"p2\">Server-Logfiles<\/p>\n<p class=\"p2\">Sie k\u00f6nnen unsere Webseiten besuchen, ohne Angaben zu Ihrer Person zu machen. Es werden bei jedem<\/p>\n<p class=\"p2\">Zugriff auf unsere Website Nutzungsdaten durch Ihren Internetbrowser u\u0308bermittelt und in Protokolldaten<\/p>\n<p class=\"p2\">(Server-Logfiles) gespeichert. Zu diesen gespeicherten Daten geh\u00f6ren z.B. Name der aufgerufenen Seite, Datum<\/p>\n<p class=\"p2\">und Uhrzeit des Abrufs, u\u0308bertragene Datenmenge und der anfragende Provider. Diese Daten dienen<\/p>\n<p class=\"p2\">ausschlie\u00dflich der Gew\u00e4hrleistung eines st\u00f6rungsfreien Betriebs unserer Website und zur Verbesserung unseres<\/p>\n<p class=\"p2\">Angebotes. Eine Zuordnung dieser Daten zu einer bestimmten Person ist nicht m\u00f6glich.<\/p>\n<p class=\"p2\">Erhebung und Verarbeitung bei Nutzung des Kontaktformulars<\/p>\n<p class=\"p2\">Bei der Nutzung des Kontaktformulars erheben wir Ihre personenbezogenen Daten (Name, E-Mail-Adresse,<\/p>\n<p class=\"p2\">Nachrichtentext) nur in dem von Ihnen zur Verfu\u0308gung gestellten Umfang. Die Datenverarbeitung dient dem Zweck<\/p>\n<p class=\"p2\">der Kontaktaufnahme. Mit Absenden Ihrer Nachricht willigen Sie in die Verarbeitung der u\u0308bermittelten Daten ein.<\/p>\n<p class=\"p2\">Die Verarbeitung erfolgt auf Grundlage des Art. 6 (1) lit. a DSGVO mit Ihrer Einwilligung.<\/p>\n<p class=\"p2\">Sie k\u00f6nnen Ihre Einwilligung jederzeit durch Mitteilung an uns widerrufen, ohne dass die Rechtm\u00e4\u00dfigkeit der<\/p>\n<p class=\"p2\">aufgrund der Einwilligung bis zum Widerruf erfolgten Verarbeitung beru\u0308hrt wird. Ihre E-Mail-Adresse nutzen wir<\/p>\n<p class=\"p2\">nur zur Bearbeitung Ihrer Anfrage. Ihre Daten werden anschlie\u00dfend gel\u00f6scht, sofern Sie der weitergehenden<\/p>\n<p class=\"p2\">Verarbeitung und Nutzung nicht zugestimmt haben.<\/p>\n<p class=\"p2\">Verwendung von Google reCAPTCHA<\/p>\n<p class=\"p2\">Wir verwenden auf unserer Website den Dienst reCAPTCHA der Google Inc. (1600 Amphitheatre Parkway,<\/p>\n<p class=\"p2\">Mountain View, CA 94043, USA; \u201eGoogle\u201c). Die Abfrage dient dem Zweck der Unterscheidung, ob die Eingabe<\/p>\n<p class=\"p2\">durch einen Menschen oder durch automatisierte, maschinelle Verarbeitung erfolgt. Die Abfrage schlie\u00dft den<\/p>\n<p class=\"p2\">Versand der IP-Adresse und ggf. weiterer von Google fu\u0308r den Dienst reCAPTCHA ben\u00f6tigter Daten an Google<\/p>\n<p class=\"p2\">ein. Zu diesem Zweck wird Ihre Eingabe an Google u\u0308bermittelt und dort weiter verwendet. Ihre IP-Adresse wird<\/p>\n<p class=\"p2\">von Google jedoch innerhalb von Mitgliedstaaten der Europ\u00e4ischen Union oder in anderen Vertragsstaaten des<\/p>\n<p class=\"p2\">Abkommens u\u0308ber den Europ\u00e4ischen Wirtschaftsraum zuvor geku\u0308rzt. Nur in Ausnahmef\u00e4llen wird die volle<\/p>\n<p class=\"p2\">IP-Adresse an einen Server von Google in den USA u\u0308bertragen und dort geku\u0308rzt. Im Auftrag des Betreibers<\/p>\n<p class=\"p2\">dieser Website wird Google diese Informationen benutzen, um Ihre Nutzung dieses Dienstes auszuwerten. Die<\/p>\n<p class=\"p2\">im Rahmen von reCaptcha von Ihrem Browser u\u0308bermittelte IP-Adresse wird nicht mit anderen Daten von Google<\/p>\n<p class=\"p2\">zusammengefu\u0308hrt. Ihre Daten werden dabei gegebenenfalls auch in die USA u\u0308bermittelt. Fu\u0308r<\/p>\n<p class=\"p2\">Datenu\u0308bermittlungen in die USA ist ein Angemessenheitsbeschluss der Europ\u00e4ischen Kommission, das &#8220;Privacy<\/p>\n<p class=\"p2\">Shield&#8221;, vorhanden. Google nimmt am &#8220;Privacy Shield&#8221; teil und hat sich den Vorgaben unterworfen. Mit Bet\u00e4tigen<\/p>\n<p class=\"p2\">der Abfrage willigen Sie in die Verarbeitung Ihrer Daten ein. Die Verarbeitung erfolgt auf Grundlage des Art. 6 (1)<\/p>\n<p class=\"p2\">lit. a DSGVO mit Ihrer Einwilligung. Sie k\u00f6nnen Ihre Einwilligung jederzeit widerrufen, ohne dass die<\/p>\n<p class=\"p2\">Rechtm\u00e4\u00dfigkeit der aufgrund der Einwilligung bis zum Widerruf erfolgten Verarbeitung beru\u0308hrt wird.<\/p>\n<p class=\"p2\">N\u00e4here Informationen zu Google reCAPTCHA sowie die dazugeh\u00f6rige Datenschutzerkl\u00e4rung finden Sie unter:<\/p>\n<p class=\"p3\">https:\/\/www.google.com\/privacy\/ads\/<\/p>\n<p class=\"p2\">Cookies<\/p>\n<p class=\"p2\">Unsere Website verwendet Cookies. Cookies sind kleine Textdateien, die im Internetbrowser bzw. vom<\/p>\n<p class=\"p2\">Internetbrowser auf dem Computersystem eines Nutzers gespeichert werden. Ruft ein Nutzer eine Website auf,<\/p>\n<p class=\"p2\">so kann ein Cookie auf dem Betriebssystem des Nutzers gespeichert werden. Dieser Cookie enth\u00e4lt eine<\/p>\n<p class=\"p2\">charakteristische Zeichenfolge, die eine eindeutige Identifizierung des Browsers beim erneuten Aufrufen der<\/p>\n<p class=\"p2\">Website erm\u00f6glicht. Wir setzen Cookies zu dem Zweck ein, unser Angebot nutzerfreundlicher, effektiver und<\/p>\n<p class=\"p2\">sicherer zu machen. Des Weiteren erm\u00f6glichen Cookies unseren Systemen, Ihren Browser auch nach einem<\/p>\n<p class=\"p2\">Seitenwechsel zu erkennen und Ihnen Services anzubieten. Einige Funktionen unserer Internetseite k\u00f6nnen<\/p>\n<p class=\"p2\">ohne den Einsatz von Cookies nicht angeboten werden. Fu\u0308r diese ist es erforderlich, dass der Browser auch<\/p>\n<p class=\"p2\">nach einem Seitenwechsel wiedererkannt wird.<\/p>\n<p class=\"p2\">Die Verarbeitung erfolgt auf Grundlage des \u00a7 15 (3) TMG sowie Art. 6 (1) lit. f DSGVO aus dem berechtigten<\/p>\n<p class=\"p2\">Interesse an den oben genannten Zwecken.<\/p>\n<p class=\"p2\">Die auf diese Weise von Ihnen erhobenen Daten werden durch technische Vorkehrungen pseudonymisiert. Eine<\/p>\n<p class=\"p2\">Zuordnung der Daten zu Ihrer Person ist daher nicht mehr m\u00f6glich. Die Daten werden nicht gemeinsam mit<\/p>\n<p class=\"p2\">sonstigen personenbezogenen Daten von Ihnen gespeichert.<\/p>\n<p class=\"p2\">Sie haben das Recht aus Gru\u0308nden, die sich aus Ihrer besonderen Situation ergeben, jederzeit dieser auf<\/p>\n<p class=\"p2\">Art. 6 (1) f DSGVO beruhenden Verarbeitung Sie betreffender personenbezogener Daten zu<\/p>\n<p class=\"p2\">widersprechen.<\/p>\n<p class=\"p2\">Cookies werden auf Ihrem Rechner gespeichert. Daher haben Sie die volle Kontrolle u\u0308ber die Verwendung von<\/p>\n<p class=\"p2\">Cookies. Durch die Auswahl entsprechender technischer Einstellungen in Ihrem Internetbrowser k\u00f6nnen Sie die<\/p>\n<p class=\"p2\">Speicherung der Cookies und \u00dcbermittlung der enthaltenen Daten verhindern. Bereits gespeicherte Cookies<\/p>\n<p class=\"p2\">k\u00f6nnen jederzeit gel\u00f6scht werden. Wir weisen Sie jedoch darauf hin, dass Sie dann gegebenenfalls nicht<\/p>\n<p class=\"p2\">s\u00e4mtliche Funktionen dieser Website vollumf\u00e4nglich werden nutzen k\u00f6nnen.<\/p>\n<p class=\"p2\">Unter den nachstehenden Links k\u00f6nnen Sie sich informieren, wie Sie die Cookies bei den wichtigsten Browsern<\/p>\n<p class=\"p2\">verwalten (u.a. auch deaktivieren) k\u00f6nnen:<\/p>\n<p class=\"p3\"><span class=\"s1\">Chrome Browser: <\/span>https:\/\/support.google.com\/accounts\/answer\/61416?hl=de<\/p>\n<p class=\"p2\">Internet Explorer:<\/p>\n<p class=\"p3\">https:\/\/support.microsoft.com\/de-de\/help\/17442\/windows-internet-explorer-delete-manage-cookies<\/p>\n<p class=\"p3\"><span class=\"s1\">Mozilla Firefox: <\/span>https:\/\/support.mozilla.org\/de\/kb\/cookies-erlauben-und-ablehnen<\/p>\n<p class=\"p3\"><span class=\"s1\">Safari: <\/span>https:\/\/support.apple.com\/de-de\/guide\/safari\/manage-cookies-and-website-data-sfri11471\/mac<\/p>\n<p class=\"p2\">Verwendung von GoogleMaps<\/p>\n<p class=\"p2\">Wir verwenden auf unserer Website die Funktion zur Einbettung von GoogleMaps-Karten der Google Inc. (1600<\/p>\n<p class=\"p2\">Amphitheatre Parkway, Mountain View, CA 94043, USA; \u201cGoogle\u201d).<\/p>\n<p class=\"p2\">Die Funktion erm\u00f6glicht die visuelle Darstellung von geographischen Informationen und interaktiven Landkarten.<\/p>\n<p class=\"p2\">Dabei werden von Google bei Aufrufen der Seiten, in die GoogleMaps-Karten eingebunden sich, auch Daten der<\/p>\n<p class=\"p2\">Besucher der Seiten erhoben, verarbeitet und genutzt. N\u00e4here Informationen zur Erhebung und Nutzung der<\/p>\n<p class=\"p2\">Daten durch Google finden Sie in den Datenschutzhinweisen von Google unter<\/p>\n<p class=\"p2\"><span class=\"s2\">https:\/\/www.google.com\/privacypolicy.html<\/span>. Dort haben Sie auch im Datenschutzcenter die M\u00f6glichkeit Ihre<\/p>\n<p class=\"p2\">Einstellungen zu ver\u00e4ndern, so dass Sie Ihre von Google verarbeiteten Daten verwalten und schu\u0308tzen k\u00f6nnen.<\/p>\n<p class=\"p2\">Ihre Daten werden dabei gegebenenfalls auch in die USA u\u0308bermittelt. Fu\u0308r Datenu\u0308bermittlungen in die USA ist ein<\/p>\n<p class=\"p2\">Angemessenheitsbeschluss der Europ\u00e4ischen Kommission vorhanden.<\/p>\n<p class=\"p2\">Sie haben das Recht aus Gru\u0308nden, die sich aus Ihrer besonderen Situation ergeben, jederzeit dieser auf<\/p>\n<p class=\"p2\">Art. 6 (1) f DSGVO beruhenden Verarbeitung Sie betreffender personenbezogener Daten zu<\/p>\n<p class=\"p2\">widersprechen.<\/p>\n<p class=\"p2\">Dazu mu\u0308ssen Sie die Anwendung JavaScript in Ihrem Browser ausschalten. Wir weisen Sie jedoch darauf hin,<\/p>\n<p class=\"p2\">dass Sie in diesem Fall gegebenenfalls nicht s\u00e4mtliche Funktionen dieser Website, wie bspw. die interaktive<\/p>\n<p class=\"p2\">Kartenanzeige, vollumf\u00e4nglich werden nutzen k\u00f6nnen.<\/p>\n<p class=\"p2\">Dauer der Speicherung<\/p>\n<p class=\"p2\">Die Daten werden unter Beru\u0308cksichtigung gesetzlicher Aufbewahrungsfristen gespeichert und dann nach<\/p>\n<p class=\"p2\">Fristablauf gel\u00f6scht, sofern Sie der weitergehenden Verarbeitung und Nutzung nicht zugestimmt haben.<\/p>\n<p class=\"p2\">Rechte der betroffenen Person<\/p>\n<p class=\"p2\">Ihnen stehen bei Vorliegen der gesetzlichen Voraussetzungen folgende Rechte nach Art. 15 bis 20 DSGVO zu:<\/p>\n<p class=\"p2\">Recht auf Auskunft, auf Berichtigung, auf L\u00f6schung, auf Einschr\u00e4nkung der Verarbeitung, auf<\/p>\n<p class=\"p2\">Datenu\u0308bertragbarkeit.<\/p>\n<p class=\"p2\">Au\u00dferdem steht Ihnen nach Art. 21 (1) DSGVO ein Widerspruchsrecht gegen die Verarbeitungen zu, die auf Art.<\/p>\n<p class=\"p2\">6 (1) f DSGVO beruhen, sowie gegen die Verarbeitung zum Zwecke von Direktwerbung.<\/p>\n<p class=\"p2\">Kontaktieren Sie uns auf Wunsch. Die Kontaktdaten finden Sie in unserem Impressum.<\/p>\n<p class=\"p2\">Unseren Datenschutzbeauftragten erreichen Sie direkt unter: datenschutz(at)marabu-markenvertrieb.de<\/p>\n<p class=\"p2\">Beschwerderecht bei der Aufsichtsbeh\u00f6rde<\/p>\n<p class=\"p2\">Sie haben gem\u00e4\u00df Art. 77 DSGVO das Recht, sich bei der Aufsichtsbeh\u00f6rde zu beschweren, wenn Sie der<\/p>\n<p class=\"p2\">Ansicht sind, dass die Verarbeitung Ihrer personenbezogenen Daten nicht rechtm\u00e4\u00dfig erfolgt.<\/p>\n<p class=\"p2\">letzte Aktualisierung: 25.04.2018<\/p>\n<p>[\/vc_column_text][\/vc_column][\/vc_row]<\/p>\n<\/div>","protected":false},"excerpt":{"rendered":"<p>[vc_row][vc_column width=&#8221;1\/1&#8243;][vc_column_text] Datenschutzerkl\u00e4rung Soweit nachstehend keine anderen Angaben gemacht werden, ist die Bereitstellung Ihrer personenbezogenen Daten weder gesetzlich oder vertraglich vorgeschrieben, noch fu\u0308r einen Vertragsabschluss erforderlich. Sie sind zur Bereitstellung der Daten nicht verpflichtet. Eine Nichtbereitstellung hat keine Folgen. Dies gilt nur soweit bei den nachfolgenden Verarbeitungsvorg\u00e4ngen keine anderweitige Angabe gemacht wird. &#8220;Personenbezogene Daten&#8221; sind alle Informationen, die sich auf eine identifizierte oder identifizierbare natu\u0308rliche Person beziehen. Server-Logfiles Sie k\u00f6nnen unsere Webseiten besuchen, ohne Angaben zu Ihrer Person zu machen. Es werden bei jedem Zugriff auf unsere Website Nutzungsdaten durch Ihren Internetbrowser u\u0308bermittelt und in Protokolldaten (Server-Logfiles) gespeichert. Zu diesen gespeicherten Daten geh\u00f6ren z.B. Name der aufgerufenen Seite, Datum und Uhrzeit des Abrufs, u\u0308bertragene Datenmenge und der anfragende Provider. Diese Daten dienen ausschlie\u00dflich der Gew\u00e4hrleistung eines st\u00f6rungsfreien Betriebs unserer Website und zur Verbesserung unseres Angebotes. Eine Zuordnung dieser Daten zu einer bestimmten Person ist nicht m\u00f6glich. Erhebung und Verarbeitung bei Nutzung des Kontaktformulars Bei der Nutzung des Kontaktformulars erheben wir Ihre personenbezogenen Daten (Name, E-Mail-Adresse, Nachrichtentext) nur in dem von Ihnen zur Verfu\u0308gung gestellten Umfang. Die Datenverarbeitung dient dem Zweck der Kontaktaufnahme. Mit Absenden Ihrer Nachricht willigen Sie in die Verarbeitung der u\u0308bermittelten Daten ein. Die Verarbeitung erfolgt auf Grundlage [&hellip;]<\/p>\n","protected":false},"author":1,"featured_media":0,"parent":0,"menu_order":0,"comment_status":"closed","ping_status":"closed","template":"","meta":{"footnotes":""},"class_list":["post-1371","page","type-page","status-publish","hentry"],"yoast_head":"<!-- This site is optimized with the Yoast SEO plugin v27.3 - https:\/\/yoast.com\/product\/yoast-seo-wordpress\/ -->\n<title>Privacy Policy - Marabu Markenvertrieb GmbH<\/title>\n<meta name=\"robots\" content=\"index, follow, max-snippet:-1, max-image-preview:large, max-video-preview:-1\" \/>\n<link rel=\"canonical\" href=\"https:\/\/marabu-markenvertrieb.de\/en\/privacy-policy\/\" \/>\n<meta property=\"og:locale\" content=\"en_US\" \/>\n<meta property=\"og:type\" content=\"article\" \/>\n<meta property=\"og:title\" content=\"Privacy Policy - Marabu Markenvertrieb GmbH\" \/>\n<meta property=\"og:description\" content=\"[vc_row][vc_column width=&#8221;1\/1&#8243;][vc_column_text] Datenschutzerkl\u00e4rung Soweit nachstehend keine anderen Angaben gemacht werden, ist die Bereitstellung Ihrer personenbezogenen Daten weder gesetzlich oder vertraglich vorgeschrieben, noch fu\u0308r einen Vertragsabschluss erforderlich. Sie sind zur Bereitstellung der Daten nicht verpflichtet. Eine Nichtbereitstellung hat keine Folgen. Dies gilt nur soweit bei den nachfolgenden Verarbeitungsvorg\u00e4ngen keine anderweitige Angabe gemacht wird. &#8220;Personenbezogene Daten&#8221; sind alle Informationen, die sich auf eine identifizierte oder identifizierbare natu\u0308rliche Person beziehen. Server-Logfiles Sie k\u00f6nnen unsere Webseiten besuchen, ohne Angaben zu Ihrer Person zu machen. Es werden bei jedem Zugriff auf unsere Website Nutzungsdaten durch Ihren Internetbrowser u\u0308bermittelt und in Protokolldaten (Server-Logfiles) gespeichert. Zu diesen gespeicherten Daten geh\u00f6ren z.B. Name der aufgerufenen Seite, Datum und Uhrzeit des Abrufs, u\u0308bertragene Datenmenge und der anfragende Provider. Diese Daten dienen ausschlie\u00dflich der Gew\u00e4hrleistung eines st\u00f6rungsfreien Betriebs unserer Website und zur Verbesserung unseres Angebotes. Eine Zuordnung dieser Daten zu einer bestimmten Person ist nicht m\u00f6glich. Erhebung und Verarbeitung bei Nutzung des Kontaktformulars Bei der Nutzung des Kontaktformulars erheben wir Ihre personenbezogenen Daten (Name, E-Mail-Adresse, Nachrichtentext) nur in dem von Ihnen zur Verfu\u0308gung gestellten Umfang. Die Datenverarbeitung dient dem Zweck der Kontaktaufnahme. Mit Absenden Ihrer Nachricht willigen Sie in die Verarbeitung der u\u0308bermittelten Daten ein. Die Verarbeitung erfolgt auf Grundlage [&hellip;]\" \/>\n<meta property=\"og:url\" content=\"https:\/\/marabu-markenvertrieb.de\/en\/privacy-policy\/\" \/>\n<meta property=\"og:site_name\" content=\"Marabu Markenvertrieb GmbH\" \/>\n<meta property=\"article:modified_time\" content=\"2022-07-28T14:01:53+00:00\" \/>\n<meta name=\"twitter:card\" content=\"summary_large_image\" \/>\n<meta name=\"twitter:label1\" content=\"Est. reading time\" \/>\n\t<meta name=\"twitter:data1\" content=\"7 minutes\" \/>\n<script type=\"application\/ld+json\" class=\"yoast-schema-graph\">{\"@context\":\"https:\\\/\\\/schema.org\",\"@graph\":[{\"@type\":\"WebPage\",\"@id\":\"https:\\\/\\\/marabu-markenvertrieb.de\\\/en\\\/privacy-policy\\\/\",\"url\":\"https:\\\/\\\/marabu-markenvertrieb.de\\\/en\\\/privacy-policy\\\/\",\"name\":\"Privacy Policy - Marabu Markenvertrieb GmbH\",\"isPartOf\":{\"@id\":\"https:\\\/\\\/marabu-markenvertrieb.de\\\/en\\\/#website\"},\"datePublished\":\"2018-05-22T11:40:04+00:00\",\"dateModified\":\"2022-07-28T14:01:53+00:00\",\"breadcrumb\":{\"@id\":\"https:\\\/\\\/marabu-markenvertrieb.de\\\/en\\\/privacy-policy\\\/#breadcrumb\"},\"inLanguage\":\"en-US\",\"potentialAction\":[{\"@type\":\"ReadAction\",\"target\":[\"https:\\\/\\\/marabu-markenvertrieb.de\\\/en\\\/privacy-policy\\\/\"]}]},{\"@type\":\"BreadcrumbList\",\"@id\":\"https:\\\/\\\/marabu-markenvertrieb.de\\\/en\\\/privacy-policy\\\/#breadcrumb\",\"itemListElement\":[{\"@type\":\"ListItem\",\"position\":1,\"name\":\"Startseite\",\"item\":\"https:\\\/\\\/marabu-markenvertrieb.de\\\/en\\\/\"},{\"@type\":\"ListItem\",\"position\":2,\"name\":\"Privacy Policy\"}]},{\"@type\":\"WebSite\",\"@id\":\"https:\\\/\\\/marabu-markenvertrieb.de\\\/en\\\/#website\",\"url\":\"https:\\\/\\\/marabu-markenvertrieb.de\\\/en\\\/\",\"name\":\"Marabu Markenvertrieb GmbH\",\"description\":\"VERTRIEB UND MARKETING INTERNATIONALER MARKEN\",\"publisher\":{\"@id\":\"https:\\\/\\\/marabu-markenvertrieb.de\\\/en\\\/#organization\"},\"potentialAction\":[{\"@type\":\"SearchAction\",\"target\":{\"@type\":\"EntryPoint\",\"urlTemplate\":\"https:\\\/\\\/marabu-markenvertrieb.de\\\/en\\\/?s={search_term_string}\"},\"query-input\":{\"@type\":\"PropertyValueSpecification\",\"valueRequired\":true,\"valueName\":\"search_term_string\"}}],\"inLanguage\":\"en-US\"},{\"@type\":\"Organization\",\"@id\":\"https:\\\/\\\/marabu-markenvertrieb.de\\\/en\\\/#organization\",\"name\":\"MARABU Markenvertrieb GmbH\",\"url\":\"https:\\\/\\\/marabu-markenvertrieb.de\\\/en\\\/\",\"logo\":{\"@type\":\"ImageObject\",\"inLanguage\":\"en-US\",\"@id\":\"https:\\\/\\\/marabu-markenvertrieb.de\\\/en\\\/#\\\/schema\\\/logo\\\/image\\\/\",\"url\":\"https:\\\/\\\/marabu-markenvertrieb.de\\\/wp-content\\\/uploads\\\/2017\\\/06\\\/Marabu_headerlogo.png\",\"contentUrl\":\"https:\\\/\\\/marabu-markenvertrieb.de\\\/wp-content\\\/uploads\\\/2017\\\/06\\\/Marabu_headerlogo.png\",\"width\":90,\"height\":90,\"caption\":\"MARABU Markenvertrieb GmbH\"},\"image\":{\"@id\":\"https:\\\/\\\/marabu-markenvertrieb.de\\\/en\\\/#\\\/schema\\\/logo\\\/image\\\/\"}}]}<\/script>\n<!-- \/ Yoast SEO plugin. -->","yoast_head_json":{"title":"Privacy Policy - Marabu Markenvertrieb GmbH","robots":{"index":"index","follow":"follow","max-snippet":"max-snippet:-1","max-image-preview":"max-image-preview:large","max-video-preview":"max-video-preview:-1"},"canonical":"https:\/\/marabu-markenvertrieb.de\/en\/privacy-policy\/","og_locale":"en_US","og_type":"article","og_title":"Privacy Policy - Marabu Markenvertrieb GmbH","og_description":"[vc_row][vc_column width=&#8221;1\/1&#8243;][vc_column_text] Datenschutzerkl\u00e4rung Soweit nachstehend keine anderen Angaben gemacht werden, ist die Bereitstellung Ihrer personenbezogenen Daten weder gesetzlich oder vertraglich vorgeschrieben, noch fu\u0308r einen Vertragsabschluss erforderlich. Sie sind zur Bereitstellung der Daten nicht verpflichtet. Eine Nichtbereitstellung hat keine Folgen. Dies gilt nur soweit bei den nachfolgenden Verarbeitungsvorg\u00e4ngen keine anderweitige Angabe gemacht wird. &#8220;Personenbezogene Daten&#8221; sind alle Informationen, die sich auf eine identifizierte oder identifizierbare natu\u0308rliche Person beziehen. Server-Logfiles Sie k\u00f6nnen unsere Webseiten besuchen, ohne Angaben zu Ihrer Person zu machen. Es werden bei jedem Zugriff auf unsere Website Nutzungsdaten durch Ihren Internetbrowser u\u0308bermittelt und in Protokolldaten (Server-Logfiles) gespeichert. Zu diesen gespeicherten Daten geh\u00f6ren z.B. Name der aufgerufenen Seite, Datum und Uhrzeit des Abrufs, u\u0308bertragene Datenmenge und der anfragende Provider. Diese Daten dienen ausschlie\u00dflich der Gew\u00e4hrleistung eines st\u00f6rungsfreien Betriebs unserer Website und zur Verbesserung unseres Angebotes. Eine Zuordnung dieser Daten zu einer bestimmten Person ist nicht m\u00f6glich. Erhebung und Verarbeitung bei Nutzung des Kontaktformulars Bei der Nutzung des Kontaktformulars erheben wir Ihre personenbezogenen Daten (Name, E-Mail-Adresse, Nachrichtentext) nur in dem von Ihnen zur Verfu\u0308gung gestellten Umfang. Die Datenverarbeitung dient dem Zweck der Kontaktaufnahme. Mit Absenden Ihrer Nachricht willigen Sie in die Verarbeitung der u\u0308bermittelten Daten ein. Die Verarbeitung erfolgt auf Grundlage [&hellip;]","og_url":"https:\/\/marabu-markenvertrieb.de\/en\/privacy-policy\/","og_site_name":"Marabu Markenvertrieb GmbH","article_modified_time":"2022-07-28T14:01:53+00:00","twitter_card":"summary_large_image","twitter_misc":{"Est. reading time":"7 minutes"},"schema":{"@context":"https:\/\/schema.org","@graph":[{"@type":"WebPage","@id":"https:\/\/marabu-markenvertrieb.de\/en\/privacy-policy\/","url":"https:\/\/marabu-markenvertrieb.de\/en\/privacy-policy\/","name":"Privacy Policy - Marabu Markenvertrieb GmbH","isPartOf":{"@id":"https:\/\/marabu-markenvertrieb.de\/en\/#website"},"datePublished":"2018-05-22T11:40:04+00:00","dateModified":"2022-07-28T14:01:53+00:00","breadcrumb":{"@id":"https:\/\/marabu-markenvertrieb.de\/en\/privacy-policy\/#breadcrumb"},"inLanguage":"en-US","potentialAction":[{"@type":"ReadAction","target":["https:\/\/marabu-markenvertrieb.de\/en\/privacy-policy\/"]}]},{"@type":"BreadcrumbList","@id":"https:\/\/marabu-markenvertrieb.de\/en\/privacy-policy\/#breadcrumb","itemListElement":[{"@type":"ListItem","position":1,"name":"Startseite","item":"https:\/\/marabu-markenvertrieb.de\/en\/"},{"@type":"ListItem","position":2,"name":"Privacy Policy"}]},{"@type":"WebSite","@id":"https:\/\/marabu-markenvertrieb.de\/en\/#website","url":"https:\/\/marabu-markenvertrieb.de\/en\/","name":"Marabu Markenvertrieb GmbH","description":"VERTRIEB UND MARKETING INTERNATIONALER MARKEN","publisher":{"@id":"https:\/\/marabu-markenvertrieb.de\/en\/#organization"},"potentialAction":[{"@type":"SearchAction","target":{"@type":"EntryPoint","urlTemplate":"https:\/\/marabu-markenvertrieb.de\/en\/?s={search_term_string}"},"query-input":{"@type":"PropertyValueSpecification","valueRequired":true,"valueName":"search_term_string"}}],"inLanguage":"en-US"},{"@type":"Organization","@id":"https:\/\/marabu-markenvertrieb.de\/en\/#organization","name":"MARABU Markenvertrieb GmbH","url":"https:\/\/marabu-markenvertrieb.de\/en\/","logo":{"@type":"ImageObject","inLanguage":"en-US","@id":"https:\/\/marabu-markenvertrieb.de\/en\/#\/schema\/logo\/image\/","url":"https:\/\/marabu-markenvertrieb.de\/wp-content\/uploads\/2017\/06\/Marabu_headerlogo.png","contentUrl":"https:\/\/marabu-markenvertrieb.de\/wp-content\/uploads\/2017\/06\/Marabu_headerlogo.png","width":90,"height":90,"caption":"MARABU Markenvertrieb GmbH"},"image":{"@id":"https:\/\/marabu-markenvertrieb.de\/en\/#\/schema\/logo\/image\/"}}]}},"_links":{"self":[{"href":"https:\/\/marabu-markenvertrieb.de\/en\/wp-json\/wp\/v2\/pages\/1371","targetHints":{"allow":["GET"]}}],"collection":[{"href":"https:\/\/marabu-markenvertrieb.de\/en\/wp-json\/wp\/v2\/pages"}],"about":[{"href":"https:\/\/marabu-markenvertrieb.de\/en\/wp-json\/wp\/v2\/types\/page"}],"author":[{"embeddable":true,"href":"https:\/\/marabu-markenvertrieb.de\/en\/wp-json\/wp\/v2\/users\/1"}],"replies":[{"embeddable":true,"href":"https:\/\/marabu-markenvertrieb.de\/en\/wp-json\/wp\/v2\/comments?post=1371"}],"version-history":[{"count":0,"href":"https:\/\/marabu-markenvertrieb.de\/en\/wp-json\/wp\/v2\/pages\/1371\/revisions"}],"wp:attachment":[{"href":"https:\/\/marabu-markenvertrieb.de\/en\/wp-json\/wp\/v2\/media?parent=1371"}],"curies":[{"name":"wp","href":"https:\/\/api.w.org\/{rel}","templated":true}]}}